{"id":24325,"date":"2024-07-27T17:41:35","date_gmt":"2024-07-27T22:41:35","guid":{"rendered":"https:\/\/tudrogueriaenlinea.com\/?page_id=24325"},"modified":"2025-10-22T13:00:23","modified_gmt":"2025-10-22T18:00:23","slug":"quienes-somos","status":"publish","type":"page","link":"https:\/\/tudrogueriaenlinea.com\/index.php\/quienes-somos\/","title":{"rendered":"Qui\u00e9nes Somos"},"content":{"rendered":"<div id=\"pl-24325\"  class=\"panel-layout\" ><div id=\"pg-24325-0\"  class=\"panel-grid panel-has-style\" ><div class=\"siteorigin-panels-stretch panel-row-style panel-row-style-for-24325-0\" data-stretch-type=\"full-width-stretch\" ><div id=\"pgc-24325-0-0\"  class=\"panel-grid-cell\" ><div id=\"panel-24325-0-0-0\" class=\"so-panel widget widget_sow-hero panel-first-child panel-last-child\" data-index=\"0\" ><div\n\t\t\t\n\t\t\tclass=\"so-widget-sow-hero so-widget-sow-hero-default-293e9360dc3b-24325 so-widget-fittext-wrapper\"\n\t\t\t data-fit-text-compressor=\"0.85\"\n\t\t>\t\t\t\t<div class=\"sow-slider-base\" style=\"display: none\" tabindex=\"0\">\n\t\t\t\t\t<ul\n\t\t\t\t\tclass=\"sow-slider-images\"\n\t\t\t\t\tdata-settings=\"{&quot;pagination&quot;:true,&quot;speed&quot;:800,&quot;timeout&quot;:8000,&quot;paused&quot;:false,&quot;pause_on_hover&quot;:false,&quot;swipe&quot;:true,&quot;nav_always_show_desktop&quot;:&quot;&quot;,&quot;nav_always_show_mobile&quot;:&quot;&quot;,&quot;breakpoint&quot;:&quot;780px&quot;,&quot;unmute&quot;:false,&quot;anchor&quot;:null}\"\n\t\t\t\t\tstyle=\"min-height: 610px\"\t\t\t\t\tdata-anchor-id=\"\"\n\t\t\t\t>\t\t<li class=\"sow-slider-image  sow-slider-image-cover\" style=\"visibility: visible;;background-color: #aaa600\" >\n\t\t\t\t\t<div class=\"sow-slider-image-container\">\n\t\t\t<div class=\"sow-slider-image-wrapper\">\n\t\t\t\t<h1>Qui\u00e9nes Somos<\/h1>\n<p>En <strong>Tu Droguer\u00eda en L\u00ednea<\/strong>, nos dedicamos a ofrecer soluciones de salud confiables y accesibles para todos los colombianos. Con un enfoque en la calidad, el servicio al cliente y la innovaci\u00f3n, nos hemos convertido en una referencia en el mercado farmac\u00e9utico en l\u00ednea. Descubre nuestra historia y c\u00f3mo trabajamos d\u00eda a d\u00eda para mejorar tu bienestar.<\/p>\t\t\t<\/div>\n\t\t<\/div>\n\t\t<div class=\"sow-slider-image-overlay sow-slider-image-cover\" style=\"opacity: 0.4;background-image: url(https:\/\/tudrogueriaenlinea.com\/wp-content\/uploads\/2024\/07\/quienes_somos_tu_drogueria_en_linea.jpg)\"  ><\/div>\t\t<\/li>\n\t\t<\/ul>\t\t\t\t<ol class=\"sow-slider-pagination\">\n\t\t\t\t\t\t\t\t\t\t\t<li><a href=\"#\" data-goto=\"0\" aria-label=\"Display slide 1\"><\/a><\/li>\n\t\t\t\t\t\t\t\t\t<\/ol>\n\n\t\t\t\t<div class=\"sow-slide-nav sow-slide-nav-next\">\n\t\t\t\t\t<a href=\"#\" data-goto=\"next\" aria-label=\"Next slide\" data-action=\"next\">\n\t\t\t\t\t\t<em class=\"sow-sld-icon-thin-right\"><\/em>\n\t\t\t\t\t<\/a>\n\t\t\t\t<\/div>\n\n\t\t\t\t<div class=\"sow-slide-nav sow-slide-nav-prev\">\n\t\t\t\t\t<a href=\"#\" data-goto=\"previous\" aria-label=\"Previous slide\" data-action=\"prev\">\n\t\t\t\t\t\t<em class=\"sow-sld-icon-thin-left\"><\/em>\n\t\t\t\t\t<\/a>\n\t\t\t\t<\/div>\n\t\t\t\t<\/div><\/div><\/div><\/div><\/div><\/div><div id=\"pg-24325-1\"  class=\"panel-grid panel-has-style\" ><div class=\"panel-row-style panel-row-style-for-24325-1\" ><div id=\"pgc-24325-1-0\"  class=\"panel-grid-cell\" ><div id=\"panel-24325-1-0-0\" class=\"so-panel widget widget_sow-editor panel-first-child panel-last-child\" data-index=\"1\" ><div\n\t\t\t\n\t\t\tclass=\"so-widget-sow-editor so-widget-sow-editor-base\"\n\t\t\t\n\t\t>\n<div class=\"siteorigin-widget-tinymce textwidget\">\n\t<h2 style=\"font-family: Open Sans; font-weight: 400;\">Experiencia, Innovaci\u00f3n y Confianza.\u200b<\/h2>\n<p class=\"whitespace-normal break-words\">Tu Droguer\u00eda en L\u00ednea es mucho m\u00e1s de una farmacia digital. Somos el resultado de m\u00e1s de 20 a\u00f1os de experiencia y compromiso con la salud de los colombianos, materializados en una plataforma moderna y accesible que acerca el bienestar a cada hogar del pa\u00eds.<\/p>\n<p class=\"whitespace-normal break-words\">Operamos desde 2015 bajo el respaldo de Inversiones Medisalud C.S. S.A.S., empresa con presencia f\u00edsica en Bogot\u00e1 y cobertura nacional a trav\u00e9s de nuestro servicio de e-commerce. Nos enorgullece ser parte del c\u00edrculo de droguer\u00edas afiliadas a Copidrogas, la Cooperativa Nacional de Droguistas Detallistas, lo que nos permite ofrecer productos de calidad con precios competitivos y un servicio confiable.<\/p>\n<p class=\"whitespace-normal break-words\">Nuestro equipo de profesionales farmac\u00e9uticos est\u00e1 comprometido con brindarte asesor\u00eda experta, productos garantizados y una experiencia de compra segura y conveniente. Ya sea que nos visites en nuestros puntos f\u00edsicos en Pontevedra o La Floresta en Bogot\u00e1, o que realices tu pedido desde cualquier rinc\u00f3n de Colombia, recibir\u00e1s el mismo nivel de atenci\u00f3n personalizada y profesional que nos caracteriza.<\/p>\n<p class=\"whitespace-normal break-words\">Creemos que el acceso a medicamentos y productos de salud debe ser f\u00e1cil, r\u00e1pido y confiable. Por eso, trabajamos cada d\u00eda para que tu bienestar est\u00e9 siempre a solo un clic de distancia.<\/p>\n<\/div>\n<\/div><\/div><\/div><\/div><\/div><div id=\"pg-24325-2\"  class=\"panel-grid panel-has-style\" ><div class=\"panel-row-style panel-row-style-for-24325-2\" ><div id=\"pgc-24325-2-0\"  class=\"panel-grid-cell\" ><div id=\"panel-24325-2-0-0\" class=\"so-panel widget widget_sow-headline panel-first-child\" data-index=\"2\" ><div\n\t\t\t\n\t\t\tclass=\"so-widget-sow-headline so-widget-sow-headline-default-94e6c53b3d54-24325\"\n\t\t\t\n\t\t><div class=\"sow-headline-container \">\n\t\t\t\t\t\t\t<h2 class=\"sow-headline\">\n\t\t\t\t\t\tNuestros Valores\t\t\t\t\t\t<\/h2>\n\t\t\t\t\t\t\t\t\t\t\t\t<h3 class=\"sow-sub-headline\">\n\t\t\t\t\t\tNos guiamos por principios fundamentales que aseguran que cada decisi\u00f3n y acci\u00f3n refleje nuestro compromiso con la excelencia y el bienestar de nuestros clientes.\t\t\t\t\t\t<\/h3>\n\t\t\t\t\t\t<\/div>\n<\/div><\/div><div id=\"panel-24325-2-0-1\" class=\"so-panel widget widget_sow-features panel-last-child\" data-index=\"3\" ><div class=\"panel-widget-style panel-widget-style-for-24325-2-0-1\" ><div\n\t\t\t\n\t\t\tclass=\"so-widget-sow-features so-widget-sow-features-default-054cb6476f66-24325\"\n\t\t\t\n\t\t><ul\n\tclass=\"sow-features-list\n\tsow-features-responsive\">\n\n\t\t\t<li\n\t\t\tclass=\"sow-features-feature sow-icon-container-position-top\"\n\t\t\tstyle=\"display: flex; flex-direction: column; width: calc(33.333% - 25px);\"\n\t\t>\n\t\t\t\n\t\t\t\t\t\t<div\t\t\t\tclass=\"sow-icon-container sow-container-none\"\n\t\t\t\tstyle=\"color: #404040; \"\n\t\t\t\t\n\t\t\t\t\t\t\t>\n\t\t\t\t\t\t\t\t\t\t<div class=\"sow-icon-image\" style=\"background-image: url(https:\/\/tudrogueriaenlinea.com\/wp-content\/uploads\/2024\/07\/compromiso-con-la-salud-tu-drogueria-en-linea.png); font-size: 24px\"><\/div>\n\t\t\t\t\t\t\t\t\t<\/div>\n\n\t\t\t<div class=\"textwidget\">\n\t\t\t\t\n\t\t\t\t\t\t\t\t\t<h5 class=\"sow-features-feature-title\">\n\t\t\t\t\t\tCompromiso con la Salud\t\t\t\t\t<\/h5>\n\t\t\t\t\n\t\t\t\t\t\t\t\t\t<div class=\"sow-features-feature-text\">\n\t\t\t\t\t<p>La salud y el bienestar de nuestros clientes son nuestra prioridad. Cada producto, cada asesor\u00eda y cada entrega est\u00e1n orientados a mejorar su calidad de vida.<\/p>\n\t\t\t\t\t<\/div>\n\t\t\t\t\t\t\t\t<\/div>\n\t\t\t\t\t\t\t\t<\/li>\n\n\t\t\t<li\n\t\t\tclass=\"sow-features-feature sow-icon-container-position-top\"\n\t\t\tstyle=\"display: flex; flex-direction: column; width: calc(33.333% - 25px);\"\n\t\t>\n\t\t\t\n\t\t\t\t\t\t<div\t\t\t\tclass=\"sow-icon-container sow-container-none\"\n\t\t\t\tstyle=\"color: #404040; \"\n\t\t\t\t\n\t\t\t\t\t\t\t>\n\t\t\t\t\t\t\t\t\t\t<div class=\"sow-icon-image\" style=\"background-image: url(https:\/\/tudrogueriaenlinea.com\/wp-content\/uploads\/2024\/07\/calidad-y-excelencia-tu-drogueria-en-linea.png); font-size: 24px\"><\/div>\n\t\t\t\t\t\t\t\t\t<\/div>\n\n\t\t\t<div class=\"textwidget\">\n\t\t\t\t\n\t\t\t\t\t\t\t\t\t<h5 class=\"sow-features-feature-title\">\n\t\t\t\t\t\tExperiencia y Profesionalismo\t\t\t\t\t<\/h5>\n\t\t\t\t\n\t\t\t\t\t\t\t\t\t<div class=\"sow-features-feature-text\">\n\t\t\t\t\t<p>Respaldamos cada transacci\u00f3n con m\u00e1s de 20 a\u00f1os de conocimiento farmac\u00e9utico, asegurando asesor\u00eda experta y un servicio de excelencia.<\/p>\n\t\t\t\t\t<\/div>\n\t\t\t\t\t\t\t\t<\/div>\n\t\t\t\t\t\t\t\t<\/li>\n\n\t\t\t<li\n\t\t\tclass=\"sow-features-feature sow-icon-container-position-top\"\n\t\t\tstyle=\"display: flex; flex-direction: column; width: calc(33.333% - 25px);\"\n\t\t>\n\t\t\t\n\t\t\t\t\t\t<div\t\t\t\tclass=\"sow-icon-container sow-container-none\"\n\t\t\t\tstyle=\"color: #404040; \"\n\t\t\t\t\n\t\t\t\t\t\t\t>\n\t\t\t\t\t\t\t\t\t\t<div class=\"sow-icon-image\" style=\"background-image: url(https:\/\/tudrogueriaenlinea.com\/wp-content\/uploads\/2024\/07\/confianza-y-transparenia-tu-drogueria-en-linea.png); font-size: 24px\"><\/div>\n\t\t\t\t\t\t\t\t\t<\/div>\n\n\t\t\t<div class=\"textwidget\">\n\t\t\t\t\n\t\t\t\t\t\t\t\t\t<h5 class=\"sow-features-feature-title\">\n\t\t\t\t\t\tConfianza y Transparencia\t\t\t\t\t<\/h5>\n\t\t\t\t\n\t\t\t\t\t\t\t\t\t<div class=\"sow-features-feature-text\">\n\t\t\t\t\t<p>Operamos con integridad, ofreciendo productos garantizados, informaci\u00f3n clara y precios justos. La confianza de nuestros clientes es nuestro activo m\u00e1s valioso.<\/p>\n\t\t\t\t\t<\/div>\n\t\t\t\t\t\t\t\t<\/div>\n\t\t\t\t\t\t\t\t<\/li>\n\n\t\t\t<li\n\t\t\tclass=\"sow-features-feature sow-icon-container-position-top\"\n\t\t\tstyle=\"display: flex; flex-direction: column; width: calc(33.333% - 25px);\"\n\t\t>\n\t\t\t\n\t\t\t\t\t\t<div\t\t\t\tclass=\"sow-icon-container sow-container-none\"\n\t\t\t\tstyle=\"color: #404040; \"\n\t\t\t\t\n\t\t\t\t\t\t\t>\n\t\t\t\t\t\t\t\t\t\t<div class=\"sow-icon-image\" style=\"background-image: url(https:\/\/tudrogueriaenlinea.com\/wp-content\/uploads\/2024\/07\/innovacion-continua-tu-drogueria-en-linea.png); font-size: 24px\"><\/div>\n\t\t\t\t\t\t\t\t\t<\/div>\n\n\t\t\t<div class=\"textwidget\">\n\t\t\t\t\n\t\t\t\t\t\t\t\t\t<h5 class=\"sow-features-feature-title\">\n\t\t\t\t\t\tInnovaci\u00f3n y Accesibilidad\t\t\t\t\t<\/h5>\n\t\t\t\t\n\t\t\t\t\t\t\t\t\t<div class=\"sow-features-feature-text\">\n\t\t\t\t\t<p>Combinamos la tradici\u00f3n farmac\u00e9utica con tecnolog\u00eda moderna para hacer que el acceso a la salud sea m\u00e1s f\u00e1cil, r\u00e1pido y conveniente para todos los colombianos.<\/p>\n\t\t\t\t\t<\/div>\n\t\t\t\t\t\t\t\t<\/div>\n\t\t\t\t\t\t\t\t<\/li>\n\n\t\t\t<li\n\t\t\tclass=\"sow-features-feature sow-icon-container-position-top\"\n\t\t\tstyle=\"display: flex; flex-direction: column; width: calc(33.333% - 25px);\"\n\t\t>\n\t\t\t\n\t\t\t\t\t\t<div\t\t\t\tclass=\"sow-icon-container sow-container-none\"\n\t\t\t\tstyle=\"color: #404040; \"\n\t\t\t\t\n\t\t\t\t\t\t\t>\n\t\t\t\t\t\t\t\t\t\t<div class=\"sow-icon-image\" style=\"background-image: url(https:\/\/tudrogueriaenlinea.com\/wp-content\/uploads\/2024\/07\/responsabilidad-social-tu-drogueria-en-linea.png); font-size: 24px\"><\/div>\n\t\t\t\t\t\t\t\t\t<\/div>\n\n\t\t\t<div class=\"textwidget\">\n\t\t\t\t\n\t\t\t\t\t\t\t\t\t<h5 class=\"sow-features-feature-title\">\n\t\t\t\t\t\tResponsabilidad Social\t\t\t\t\t<\/h5>\n\t\t\t\t\n\t\t\t\t\t\t\t\t\t<div class=\"sow-features-feature-text\">\n\t\t\t\t\t<p>Como miembros de Copidrogas, trabajamos por fortalecer el sector farmac\u00e9utico colombiano y contribuir al desarrollo de comunidades m\u00e1s saludables.<\/p>\n\t\t\t\t\t<\/div>\n\t\t\t\t\t\t\t\t<\/div>\n\t\t\t\t\t\t\t\t<\/li>\n\n\t\t\t<li\n\t\t\tclass=\"sow-features-feature sow-icon-container-position-top\"\n\t\t\tstyle=\"display: flex; flex-direction: column; width: calc(33.333% - 25px);\"\n\t\t>\n\t\t\t\n\t\t\t\t\t\t<div\t\t\t\tclass=\"sow-icon-container sow-container-none\"\n\t\t\t\tstyle=\"color: #404040; \"\n\t\t\t\t\n\t\t\t\t\t\t\t>\n\t\t\t\t\t\t\t\t\t\t<div class=\"sow-icon-image\" style=\"background-image: url(https:\/\/tudrogueriaenlinea.com\/wp-content\/uploads\/2025\/10\/agente-de-servicio-al-cliente.png); font-size: 24px\"><\/div>\n\t\t\t\t\t\t\t\t\t<\/div>\n\n\t\t\t<div class=\"textwidget\">\n\t\t\t\t\n\t\t\t\t\t\t\t\t\t<h5 class=\"sow-features-feature-title\">\n\t\t\t\t\t\tCercan\u00eda y Servicio Personalizado\t\t\t\t\t<\/h5>\n\t\t\t\t\n\t\t\t\t\t\t\t\t\t<div class=\"sow-features-feature-text\">\n\t\t\t\t\t<p>Tratamos a cada cliente como parte de nuestra familia, brindando atenci\u00f3n c\u00e1lida, emp\u00e1tica y adaptada a sus necesidades individuales.<\/p>\n\t\t\t\t\t<\/div>\n\t\t\t\t\t\t\t\t<\/div>\n\t\t\t\t\t\t\t\t<\/li>\n\n\t<\/ul>\n<\/div><\/div><\/div><\/div><\/div><\/div><div id=\"pg-24325-3\"  class=\"panel-grid panel-has-style\" ><div class=\"siteorigin-panels-stretch panel-row-style panel-row-style-for-24325-3\" data-stretch-type=\"full\" ><div id=\"pgc-24325-3-0\"  class=\"panel-grid-cell panel-grid-cell-empty\" ><\/div><div id=\"pgc-24325-3-1\"  class=\"panel-grid-cell\" ><div id=\"panel-24325-3-1-0\" class=\"so-panel widget widget_sow-headline panel-first-child panel-last-child\" data-index=\"4\" ><div\n\t\t\t\n\t\t\tclass=\"so-widget-sow-headline so-widget-sow-headline-default-69eb5570b6c6-24325\"\n\t\t\t\n\t\t><div class=\"sow-headline-container \">\n\t\t\t\t\t\t\t<h2 class=\"sow-headline\">\n\t\t\t\t\t\tMisi\u00f3n\t\t\t\t\t\t<\/h2>\n\t\t\t\t\t\t\t\t\t\t\t\t<h3 class=\"sow-sub-headline\">\n\t\t\t\t\t\tFacilitar el acceso a productos farmac\u00e9uticos, medicinales, cosm\u00e9ticos y de cuidado personal de alta calidad a todos los colombianos, combinando m\u00e1s de dos d\u00e9cadas de experiencia en el sector con la innovaci\u00f3n tecnol\u00f3gica del comercio digital. Nos comprometemos a ofrecer un servicio personalizado, asesor\u00eda profesional y entregas oportunas, contribuyendo al bienestar y la salud de nuestros clientes en todo el territorio nacional.\t\t\t\t\t\t<\/h3>\n\t\t\t\t\t\t<\/div>\n<\/div><\/div><\/div><\/div><\/div><div id=\"pg-24325-4\"  class=\"panel-grid panel-has-style\" ><div class=\"panel-row-style panel-row-style-for-24325-4\" ><div id=\"pgc-24325-4-0\"  class=\"panel-grid-cell panel-grid-cell-mobile-last\" ><div id=\"panel-24325-4-0-0\" class=\"so-panel widget widget_sow-headline panel-first-child panel-last-child\" data-index=\"5\" ><div\n\t\t\t\n\t\t\tclass=\"so-widget-sow-headline so-widget-sow-headline-default-b01ec886163c-24325\"\n\t\t\t\n\t\t><div class=\"sow-headline-container \">\n\t\t\t\t\t\t\t<h2 class=\"sow-headline\">\n\t\t\t\t\t\tVisi\u00f3n\t\t\t\t\t\t<\/h2>\n\t\t\t\t\t\t\t\t\t\t\t\t<h3 class=\"sow-sub-headline\">\n\t\t\t\t\t\tSer reconocidos como la droguer\u00eda en l\u00ednea l\u00edder en Colombia, distingui\u00e9ndonos por nuestra excelencia en el servicio, confiabilidad y compromiso con la salud de las familias colombianas. Aspiramos a consolidar una red de atenci\u00f3n omnicanal que integre experiencia farmac\u00e9utica tradicional con tecnolog\u00eda de vanguardia, expandiendo nuestra cobertura y fortaleciendo la confianza de nuestros clientes como su aliado preferido en salud y bienestar.\t\t\t\t\t\t<\/h3>\n\t\t\t\t\t\t<\/div>\n<\/div><\/div><\/div><div id=\"pgc-24325-4-1\"  class=\"panel-grid-cell panel-grid-cell-empty\" ><\/div><\/div><\/div><\/div>","protected":false},"excerpt":{"rendered":"<p>Experiencia, Innovaci\u00f3n y Confianza.\u200b Tu Droguer\u00eda en L\u00ednea es mucho m\u00e1s de una farmacia digital. Somos el resultado de m\u00e1s de 20 a\u00f1os de experiencia y compromiso con la salud de los colombianos, materializados en una plataforma moderna y accesible que acerca el bienestar a cada hogar del pa\u00eds. Operamos desde 2015 bajo el respaldo [&hellip;]<\/p>\n","protected":false},"author":1,"featured_media":0,"parent":0,"menu_order":0,"comment_status":"closed","ping_status":"closed","template":"","meta":{"footnotes":""},"class_list":["post-24325","page","type-page","status-publish","hentry","post"],"_links":{"self":[{"href":"https:\/\/tudrogueriaenlinea.com\/index.php\/wp-json\/wp\/v2\/pages\/24325","targetHints":{"allow":["GET"]}}],"collection":[{"href":"https:\/\/tudrogueriaenlinea.com\/index.php\/wp-json\/wp\/v2\/pages"}],"about":[{"href":"https:\/\/tudrogueriaenlinea.com\/index.php\/wp-json\/wp\/v2\/types\/page"}],"author":[{"embeddable":true,"href":"https:\/\/tudrogueriaenlinea.com\/index.php\/wp-json\/wp\/v2\/users\/1"}],"replies":[{"embeddable":true,"href":"https:\/\/tudrogueriaenlinea.com\/index.php\/wp-json\/wp\/v2\/comments?post=24325"}],"version-history":[{"count":0,"href":"https:\/\/tudrogueriaenlinea.com\/index.php\/wp-json\/wp\/v2\/pages\/24325\/revisions"}],"wp:attachment":[{"href":"https:\/\/tudrogueriaenlinea.com\/index.php\/wp-json\/wp\/v2\/media?parent=24325"}],"curies":[{"name":"wp","href":"https:\/\/api.w.org\/{rel}","templated":true}]}}